{"id":5355,"date":"2024-04-23T09:08:32","date_gmt":"2024-04-23T09:08:32","guid":{"rendered":"https:\/\/taigamistral.com\/?page_id=5355"},"modified":"2026-01-20T15:20:29","modified_gmt":"2026-01-20T15:20:29","slug":"canaldedenuncias","status":"publish","type":"page","link":"https:\/\/taigamistral.com\/en\/canaldedenuncias\/","title":{"rendered":"Canal de Denuncias"},"content":{"rendered":"<section class=\"l-section wpb_row us_custom_73af3cf7 height_auto\"><div class=\"l-section-h i-cf\"><div class=\"g-cols vc_row via_grid cols_1 laptops-cols_inherit tablets-cols_inherit mobiles-cols_1 valign_top type_default stacking_default\"><div class=\"wpb_column vc_column_container\"><div class=\"vc_column-inner\"><div class=\"wpb_text_column us_custom_6745946f has_text_color\"><div class=\"wpb_wrapper\"><h2>Canal de Denuncias<\/h2>\n<\/div><\/div><div class=\"w-separator size_small\"><\/div><div class=\"wpb_text_column\"><div class=\"wpb_wrapper\"><p>Taiga Mistral ha implementado un Sistema Interno de Informaci\u00f3n, en cumplimiento de lo establecido por la Ley 2\/2023, de 20 de febrero, reguladora de la protecci\u00f3n de las personas que informen sobre infracciones normativas y de lucha contra la corrupci\u00f3n.<\/p>\n<p>Esta herramienta tiene como objetivo poner al alcance de empleados, clientes, colaboradores, proveedores y otros terceros con los que se relaciona la organizaci\u00f3n una herramienta para comunicar, de manera confidencial y\/o an\u00f3nima, posibles incumplimientos o violaciones a lo dispuesto en las normas internas de la organizaci\u00f3n, as\u00ed como cualquier infracci\u00f3n u omisi\u00f3n de la que se tenga conocimiento y que pueda suponer una infracci\u00f3n del derecho de la Uni\u00f3n Europea o sus intereses financieros o infracciones penales o administrativas en el marco jur\u00eddico espa\u00f1ol.<\/p>\n<p>Aqu\u00ed dispone de la<strong><a href=\"https:\/\/taigamistral.com\/wp-content\/uploads\/2026\/01\/Politica-SII_Taiga-Mistral.pdf\" target=\"_blank\" rel=\"noopener\"> Pol\u00edtica del Sistema Interno de Informaci\u00f3n<\/a>, <\/strong>la cual refleja los principios en los que se configura el Canal de Denuncias de Grupo TAIGA MISTRAL, entre los que se encuentra la garant\u00eda de confidencialidad de las comunicaciones y la prohibici\u00f3n de represalias de cualquier naturaleza; garantiza el anonimato -si as\u00ed lo desea- del informante y de cualquier otro tercero que sea o pueda ser mencionado y\/o involucrado en la comunicaci\u00f3n, en las actuaciones llevadas a cabo a ra\u00edz de \u00e9sta y en su tramitaci\u00f3n; garantiza el derecho al honor y la presunci\u00f3n de inocencia, entre otros.<\/p>\n<p>Tambi\u00e9n puede consultar el<strong><a href=\"https:\/\/taigamistral.com\/wp-content\/uploads\/2026\/01\/Procedimiento-de-Gestion-de-Comunicaciones_Taiga-Mistral-1.pdf\" target=\"_blank\" rel=\"noopener\"> Procedimiento de Gesti\u00f3n de Comunicaciones<\/a>,<\/strong> el cual establece las previsiones necesarias para que el Canal de Grupo TAIGA MISTRAL cumpla con los requisitos establecidos en la Ley 2\/2023, de 20 de febrero, reguladora de la protecci\u00f3n de las personas que informen sobre infracciones normativa y de lucha contra la corrupci\u00f3n. Las denuncias se tramitar\u00e1n de conformidad con lo establecido en este Procedimiento y se podr\u00e1n interponer por diversas v\u00edas:<\/p>\n<p>&nbsp;<\/p>\n<ul>\n<li><strong>Por escrito al correo postal: <\/strong>Calle Gobelas N\u00ba 13, 1\u00aa planta, 28023, Madrid<\/li>\n<\/ul>\n<p>&nbsp;<\/p>\n<ul>\n<li><strong>Por escrito electr\u00f3nicamente: <\/strong><a href=\"mailto:denuncias@taigamistral.com\">denuncias@taigamistral.com<\/a><\/li>\n<\/ul>\n<p>&nbsp;<\/p>\n<ul>\n<li><strong>Verbalmente: <\/strong>Solicitando una reuni\u00f3n presencial con el Responsable del Sistema Interno de Informaci\u00f3n por cualquiera de las dos v\u00edas anteriormente ofrecidas.<\/li>\n<\/ul>\n<p>&nbsp;<\/p>\n<p>\u00daltima revisi\u00f3n: 20 de enero de 2026<\/p>\n<\/div><\/div><\/div><\/div><\/div><\/div><\/section>\n","protected":false},"excerpt":{"rendered":"Canal de Denuncias Taiga Mistral ha implementado un Sistema Interno de Informaci\u00f3n, en cumplimiento de lo establecido por la Ley 2\/2023, de 20 de febrero, reguladora de la protecci\u00f3n de las personas que informen sobre infracciones normativas y de lucha contra la corrupci\u00f3n. Esta herramienta tiene como objetivo poner al alcance de empleados, clientes, colaboradores,...","protected":false},"author":141,"featured_media":0,"parent":0,"menu_order":0,"comment_status":"closed","ping_status":"closed","template":"","meta":{"inline_featured_image":false},"acf":[],"yoast_head":"<!-- This site is optimized with the Yoast SEO plugin v18.9 - https:\/\/yoast.com\/wordpress\/plugins\/seo\/ -->\n<title>Canal de Denuncias - Taiga Mistral<\/title>\n<meta name=\"robots\" content=\"index, follow, max-snippet:-1, max-image-preview:large, max-video-preview:-1\" \/>\n<link rel=\"canonical\" href=\"https:\/\/taigamistral.com\/canaldedenuncias\/\" \/>\n<meta property=\"og:locale\" content=\"en_US\" \/>\n<meta property=\"og:type\" content=\"article\" \/>\n<meta property=\"og:title\" content=\"Canal de Denuncias - Taiga Mistral\" \/>\n<meta property=\"og:url\" content=\"https:\/\/taigamistral.com\/canaldedenuncias\/\" \/>\n<meta property=\"og:site_name\" content=\"Taiga Mistral\" \/>\n<meta property=\"article:modified_time\" content=\"2026-01-20T15:20:29+00:00\" \/>\n<meta name=\"twitter:card\" content=\"summary\" \/>\n<meta name=\"twitter:label1\" content=\"Est. reading time\" \/>\n\t<meta name=\"twitter:data1\" content=\"2 minutes\" \/>\n<script type=\"application\/ld+json\" class=\"yoast-schema-graph\">{\"@context\":\"https:\/\/schema.org\",\"@graph\":[{\"@type\":\"WebSite\",\"@id\":\"https:\/\/taigamistral.com\/#website\",\"url\":\"https:\/\/taigamistral.com\/\",\"name\":\"Taiga Mistral\",\"description\":\"\",\"potentialAction\":[{\"@type\":\"SearchAction\",\"target\":{\"@type\":\"EntryPoint\",\"urlTemplate\":\"https:\/\/taigamistral.com\/?s={search_term_string}\"},\"query-input\":\"required name=search_term_string\"}],\"inLanguage\":\"en-US\"},{\"@type\":\"WebPage\",\"@id\":\"https:\/\/taigamistral.com\/canaldedenuncias\/#webpage\",\"url\":\"https:\/\/taigamistral.com\/canaldedenuncias\/\",\"name\":\"Canal de Denuncias - Taiga Mistral\",\"isPartOf\":{\"@id\":\"https:\/\/taigamistral.com\/#website\"},\"datePublished\":\"2024-04-23T09:08:32+00:00\",\"dateModified\":\"2026-01-20T15:20:29+00:00\",\"breadcrumb\":{\"@id\":\"https:\/\/taigamistral.com\/canaldedenuncias\/#breadcrumb\"},\"inLanguage\":\"en-US\",\"potentialAction\":[{\"@type\":\"ReadAction\",\"target\":[\"https:\/\/taigamistral.com\/canaldedenuncias\/\"]}]},{\"@type\":\"BreadcrumbList\",\"@id\":\"https:\/\/taigamistral.com\/canaldedenuncias\/#breadcrumb\",\"itemListElement\":[{\"@type\":\"ListItem\",\"position\":1,\"name\":\"Portada\",\"item\":\"https:\/\/taigamistral.com\/en\/\"},{\"@type\":\"ListItem\",\"position\":2,\"name\":\"Canal de Denuncias\"}]}]}<\/script>\n<!-- \/ Yoast SEO plugin. -->","yoast_head_json":{"title":"Canal de Denuncias - Taiga Mistral","robots":{"index":"index","follow":"follow","max-snippet":"max-snippet:-1","max-image-preview":"max-image-preview:large","max-video-preview":"max-video-preview:-1"},"canonical":"https:\/\/taigamistral.com\/canaldedenuncias\/","og_locale":"en_US","og_type":"article","og_title":"Canal de Denuncias - Taiga Mistral","og_url":"https:\/\/taigamistral.com\/canaldedenuncias\/","og_site_name":"Taiga Mistral","article_modified_time":"2026-01-20T15:20:29+00:00","twitter_card":"summary","twitter_misc":{"Est. reading time":"2 minutes"},"schema":{"@context":"https:\/\/schema.org","@graph":[{"@type":"WebSite","@id":"https:\/\/taigamistral.com\/#website","url":"https:\/\/taigamistral.com\/","name":"Taiga Mistral","description":"","potentialAction":[{"@type":"SearchAction","target":{"@type":"EntryPoint","urlTemplate":"https:\/\/taigamistral.com\/?s={search_term_string}"},"query-input":"required name=search_term_string"}],"inLanguage":"en-US"},{"@type":"WebPage","@id":"https:\/\/taigamistral.com\/canaldedenuncias\/#webpage","url":"https:\/\/taigamistral.com\/canaldedenuncias\/","name":"Canal de Denuncias - Taiga Mistral","isPartOf":{"@id":"https:\/\/taigamistral.com\/#website"},"datePublished":"2024-04-23T09:08:32+00:00","dateModified":"2026-01-20T15:20:29+00:00","breadcrumb":{"@id":"https:\/\/taigamistral.com\/canaldedenuncias\/#breadcrumb"},"inLanguage":"en-US","potentialAction":[{"@type":"ReadAction","target":["https:\/\/taigamistral.com\/canaldedenuncias\/"]}]},{"@type":"BreadcrumbList","@id":"https:\/\/taigamistral.com\/canaldedenuncias\/#breadcrumb","itemListElement":[{"@type":"ListItem","position":1,"name":"Portada","item":"https:\/\/taigamistral.com\/en\/"},{"@type":"ListItem","position":2,"name":"Canal de Denuncias"}]}]}},"_links":{"self":[{"href":"https:\/\/taigamistral.com\/en\/wp-json\/wp\/v2\/pages\/5355"}],"collection":[{"href":"https:\/\/taigamistral.com\/en\/wp-json\/wp\/v2\/pages"}],"about":[{"href":"https:\/\/taigamistral.com\/en\/wp-json\/wp\/v2\/types\/page"}],"author":[{"embeddable":true,"href":"https:\/\/taigamistral.com\/en\/wp-json\/wp\/v2\/users\/141"}],"replies":[{"embeddable":true,"href":"https:\/\/taigamistral.com\/en\/wp-json\/wp\/v2\/comments?post=5355"}],"version-history":[{"count":8,"href":"https:\/\/taigamistral.com\/en\/wp-json\/wp\/v2\/pages\/5355\/revisions"}],"predecessor-version":[{"id":5625,"href":"https:\/\/taigamistral.com\/en\/wp-json\/wp\/v2\/pages\/5355\/revisions\/5625"}],"wp:attachment":[{"href":"https:\/\/taigamistral.com\/en\/wp-json\/wp\/v2\/media?parent=5355"}],"curies":[{"name":"wp","href":"https:\/\/api.w.org\/{rel}","templated":true}]}}