{"id":5191,"date":"2024-01-05T12:27:35","date_gmt":"2024-01-05T12:27:35","guid":{"rendered":"https:\/\/taigamistral.com\/?page_id=5191"},"modified":"2024-03-18T15:52:42","modified_gmt":"2024-03-18T15:52:42","slug":"power-today","status":"publish","type":"page","link":"https:\/\/taigamistral.com\/en\/power-today\/","title":{"rendered":"\u00a1Suscr\u00edbete aqu\u00ed!"},"content":{"rendered":"<section class=\"l-section wpb_row height_auto\"><div class=\"l-section-h i-cf\"><div class=\"g-cols vc_row via_grid cols_1 laptops-cols_inherit tablets-cols_inherit mobiles-cols_1 valign_top type_default stacking_default\"><div class=\"wpb_column vc_column_container\"><div class=\"vc_column-inner\"><div class=\"w-separator size_large\"><\/div><\/div><\/div><\/div><\/div><\/section><section class=\"l-section wpb_row height_auto\"><div class=\"l-section-h i-cf\"><div class=\"g-cols vc_row via_grid cols_1 laptops-cols_inherit tablets-cols_inherit mobiles-cols_1 valign_top type_default stacking_default\"><div class=\"wpb_column vc_column_container\"><div class=\"vc_column-inner\"><div class=\"w-image align_center\"><div class=\"w-image-h\"><img width=\"550\" height=\"150\" src=\"https:\/\/taigamistral.com\/wp-content\/uploads\/2024\/01\/titulo-suscribe-mercado.jpg\" class=\"attachment-full size-full\" alt=\"\" loading=\"lazy\" srcset=\"https:\/\/taigamistral.com\/wp-content\/uploads\/2024\/01\/titulo-suscribe-mercado.jpg 550w, https:\/\/taigamistral.com\/wp-content\/uploads\/2024\/01\/titulo-suscribe-mercado-300x82.jpg 300w\" sizes=\"(max-width: 550px) 100vw, 550px\" \/><\/div><\/div><div class=\"wpb_text_column\"><div class=\"wpb_wrapper\"><p style=\"text-align: center;\">\u00bfQu\u00e9 est\u00e1 pasando en el mercado el\u00e9ctrico esta quincena? Desc\u00fabrelo en nuestra newsletter.<\/p>\n<\/div><\/div><div class=\"w-html\"><center><div id=\"mc_embed_shell\">\n      <link href=\"\/\/cdn-images.mailchimp.com\/embedcode\/classic-061523.css\" rel=\"stylesheet\" type=\"text\/css\">\n  <style type=\"text\/css\">\n        #mc_embed_signup{background:#fff; false;clear:left; font:14px Helvetica,Arial,sans-serif; width: 600px;}\n        \/* Add your own Mailchimp form style overrides in your site stylesheet or in this style block.\n           We recommend moving this block and the preceding CSS link to the HEAD of your HTML file. *\/\n<\/style>\n<div id=\"mc_embed_signup\">\n    <form action=\"https:\/\/taigamistral.us13.list-manage.com\/subscribe\/post?u=752d3ae80b7bcd125532c5f21&amp;id=a8991fd381&amp;f_id=001d0ce4f0\" method=\"post\" id=\"mc-embedded-subscribe-form\" name=\"mc-embedded-subscribe-form\" class=\"validate\" target=\"_blank\">\n        <div id=\"mc_embed_signup_scroll\">\n            <div class=\"indicates-required\"><span class=\"asterisk\">*<\/span> indicates required<\/div>\n            <div class=\"mc-field-group\"><label for=\"mce-EMAIL\">Email Address <span class=\"asterisk\">*<\/span><\/label><input type=\"email\" name=\"EMAIL\" class=\"required email\" id=\"mce-EMAIL\" required=\"\" value=\"\"><\/div><div class=\"mc-field-group\"><label for=\"mce-FNAME\">Nombre <span class=\"asterisk\">*<\/span><\/label><input type=\"text\" name=\"FNAME\" class=\"required text\" id=\"mce-FNAME\" required=\"\" value=\"\"><\/div><div class=\"mc-field-group\"><label for=\"mce-LNAME\">Primer apellido <span class=\"asterisk\">*<\/span><\/label><input type=\"text\" name=\"LNAME\" class=\"required text\" id=\"mce-LNAME\" required=\"\" value=\"\"><\/div>\n<div hidden=\"\"><input type=\"hidden\" name=\"tags\" value=\"7081514\"><\/div>\n        <div id=\"mce-responses\" class=\"clear foot\">\n            <div class=\"response\" id=\"mce-error-response\" style=\"display: none;\"><\/div>\n            <div class=\"response\" id=\"mce-success-response\" style=\"display: none;\"><\/div>\n        <\/div>\n    <div aria-hidden=\"true\" style=\"position: absolute; left: -5000px;\">\n        \/* real people should not fill this in and expect good things - do not remove this or risk form bot signups *\/\n        <input type=\"text\" name=\"b_752d3ae80b7bcd125532c5f21_a8991fd381\" tabindex=\"-1\" value=\"\">\n    <\/div>\n        <div class=\"optionalParent\">\n            <div class=\"clear foot\">\n                <input type=\"submit\" name=\"subscribe\" id=\"mc-embedded-subscribe\" class=\"button\" value=\"Subscribe\">\n                <p style=\"margin: 0px auto;\"><a href=\"http:\/\/eepurl.com\/is1IQE\" title=\"Mailchimp: marketing por correo electr\u00f3nico f\u00e1cil y divertido\"><span style=\"display: inline-block; background-color: transparent; border-radius: 4px;\"><img class=\"refferal_badge\" src=\"https:\/\/digitalasset.intuit.com\/render\/content\/dam\/intuit\/mc-fe\/en_us\/images\/intuit-mc-rewards-text-dark.svg\" alt=\"Intuit Mailchimp\" style=\"width: 220px; height: 40px; display: flex; padding: 2px 0px; justify-content: center; align-items: center;\"><\/span><\/a><\/p>\n            <\/div>\n        <\/div>\n    <\/div>\n<\/form>\n<\/div>\n<script type=\"text\/javascript\" src=\"\/\/s3.amazonaws.com\/downloads.mailchimp.com\/js\/mc-validate.js\"><\/script><script type=\"text\/javascript\">(function($) {window.fnames = new Array(); window.ftypes = new Array();fnames[0]='EMAIL';ftypes[0]='email';fnames[1]='FNAME';ftypes[1]='text';fnames[2]='LNAME';ftypes[2]='text';fnames[7]='MMERGE7';ftypes[7]='text';fnames[3]='MMERGE3';ftypes[3]='text';\/*\n * Translated default messages for the $ validation plugin.\n * Locale: ES\n *\/\n$.extend($.validator.messages, {\n  required: \"Este campo es obligatorio.\",\n  remote: \"Por favor, rellena este campo.\",\n  email: \"Por favor, escribe una direcci\u00f3n de correo v\u00e1lida\",\n  url: \"Por favor, escribe una URL v\u00e1lida.\",\n  date: \"Por favor, escribe una fecha v\u00e1lida.\",\n  dateISO: \"Por favor, escribe una fecha (ISO) v\u00e1lida.\",\n  number: \"Por favor, escribe un n\u00famero entero v\u00e1lido.\",\n  digits: \"Por favor, escribe s\u00f3lo d\u00edgitos.\",\n  creditcard: \"Por favor, escribe un n\u00famero de tarjeta v\u00e1lido.\",\n  equalTo: \"Por favor, escribe el mismo valor de nuevo.\",\n  accept: \"Por favor, escribe un valor con una extensi\u00f3n aceptada.\",\n  maxlength: $.validator.format(\"Por favor, no escribas m\u00e1s de {0} caracteres.\"),\n  minlength: $.validator.format(\"Por favor, no escribas menos de {0} caracteres.\"),\n  rangelength: $.validator.format(\"Por favor, escribe un valor entre {0} y {1} caracteres.\"),\n  range: $.validator.format(\"Por favor, escribe un valor entre {0} y {1}.\"),\n  max: $.validator.format(\"Por favor, escribe un valor menor o igual a {0}.\"),\n  min: $.validator.format(\"Por favor, escribe un valor mayor o igual a {0}.\")\n});}(jQuery));var $mcj = jQuery.noConflict(true);<\/script><\/div><\/center>\n<\/div><\/div><\/div><\/div><\/div><\/section>\n","protected":false},"excerpt":{"rendered":"\u00bfQu\u00e9 est\u00e1 pasando en el mercado el\u00e9ctrico esta quincena? Desc\u00fabrelo en nuestra newsletter. * indicates required Email Address *Nombre *Primer apellido * \/* real people should not fill this in and expect good things - do not remove this or risk form bot signups *\/","protected":false},"author":141,"featured_media":5249,"parent":0,"menu_order":0,"comment_status":"closed","ping_status":"closed","template":"","meta":{"inline_featured_image":false},"acf":[],"yoast_head":"<!-- This site is optimized with the Yoast SEO plugin v18.9 - https:\/\/yoast.com\/wordpress\/plugins\/seo\/ -->\n<title>\u00a1Suscr\u00edbete aqu\u00ed! - Taiga Mistral<\/title>\n<meta name=\"robots\" content=\"index, follow, max-snippet:-1, max-image-preview:large, max-video-preview:-1\" \/>\n<link rel=\"canonical\" href=\"https:\/\/taigamistral.com\/power-today\/\" \/>\n<meta property=\"og:locale\" content=\"en_US\" \/>\n<meta property=\"og:type\" content=\"article\" \/>\n<meta property=\"og:title\" content=\"\u00a1Suscr\u00edbete aqu\u00ed! - Taiga Mistral\" \/>\n<meta property=\"og:url\" content=\"https:\/\/taigamistral.com\/power-today\/\" \/>\n<meta property=\"og:site_name\" content=\"Taiga Mistral\" \/>\n<meta property=\"article:modified_time\" content=\"2024-03-18T15:52:42+00:00\" \/>\n<meta name=\"twitter:card\" content=\"summary\" \/>\n<meta name=\"twitter:image\" content=\"https:\/\/taigamistral.com\/wp-content\/uploads\/2024\/01\/junio-24-1.gif\" \/>\n<meta name=\"twitter:label1\" content=\"Est. reading time\" \/>\n\t<meta name=\"twitter:data1\" content=\"1 minute\" \/>\n<script type=\"application\/ld+json\" class=\"yoast-schema-graph\">{\"@context\":\"https:\/\/schema.org\",\"@graph\":[{\"@type\":\"WebSite\",\"@id\":\"https:\/\/taigamistral.com\/#website\",\"url\":\"https:\/\/taigamistral.com\/\",\"name\":\"Taiga Mistral\",\"description\":\"\",\"potentialAction\":[{\"@type\":\"SearchAction\",\"target\":{\"@type\":\"EntryPoint\",\"urlTemplate\":\"https:\/\/taigamistral.com\/?s={search_term_string}\"},\"query-input\":\"required name=search_term_string\"}],\"inLanguage\":\"en-US\"},{\"@type\":\"ImageObject\",\"inLanguage\":\"en-US\",\"@id\":\"https:\/\/taigamistral.com\/power-today\/#primaryimage\",\"url\":\"https:\/\/taigamistral.com\/wp-content\/uploads\/2024\/01\/junio-24-1.gif\",\"contentUrl\":\"https:\/\/taigamistral.com\/wp-content\/uploads\/2024\/01\/junio-24-1.gif\",\"width\":400,\"height\":400},{\"@type\":\"WebPage\",\"@id\":\"https:\/\/taigamistral.com\/power-today\/#webpage\",\"url\":\"https:\/\/taigamistral.com\/power-today\/\",\"name\":\"\u00a1Suscr\u00edbete aqu\u00ed! - Taiga Mistral\",\"isPartOf\":{\"@id\":\"https:\/\/taigamistral.com\/#website\"},\"primaryImageOfPage\":{\"@id\":\"https:\/\/taigamistral.com\/power-today\/#primaryimage\"},\"datePublished\":\"2024-01-05T12:27:35+00:00\",\"dateModified\":\"2024-03-18T15:52:42+00:00\",\"breadcrumb\":{\"@id\":\"https:\/\/taigamistral.com\/power-today\/#breadcrumb\"},\"inLanguage\":\"en-US\",\"potentialAction\":[{\"@type\":\"ReadAction\",\"target\":[\"https:\/\/taigamistral.com\/power-today\/\"]}]},{\"@type\":\"BreadcrumbList\",\"@id\":\"https:\/\/taigamistral.com\/power-today\/#breadcrumb\",\"itemListElement\":[{\"@type\":\"ListItem\",\"position\":1,\"name\":\"Portada\",\"item\":\"https:\/\/taigamistral.com\/en\/\"},{\"@type\":\"ListItem\",\"position\":2,\"name\":\"\u00a1Suscr\u00edbete aqu\u00ed!\"}]}]}<\/script>\n<!-- \/ Yoast SEO plugin. -->","yoast_head_json":{"title":"\u00a1Suscr\u00edbete aqu\u00ed! - Taiga Mistral","robots":{"index":"index","follow":"follow","max-snippet":"max-snippet:-1","max-image-preview":"max-image-preview:large","max-video-preview":"max-video-preview:-1"},"canonical":"https:\/\/taigamistral.com\/power-today\/","og_locale":"en_US","og_type":"article","og_title":"\u00a1Suscr\u00edbete aqu\u00ed! - Taiga Mistral","og_url":"https:\/\/taigamistral.com\/power-today\/","og_site_name":"Taiga Mistral","article_modified_time":"2024-03-18T15:52:42+00:00","twitter_card":"summary","twitter_image":"https:\/\/taigamistral.com\/wp-content\/uploads\/2024\/01\/junio-24-1.gif","twitter_misc":{"Est. reading time":"1 minute"},"schema":{"@context":"https:\/\/schema.org","@graph":[{"@type":"WebSite","@id":"https:\/\/taigamistral.com\/#website","url":"https:\/\/taigamistral.com\/","name":"Taiga Mistral","description":"","potentialAction":[{"@type":"SearchAction","target":{"@type":"EntryPoint","urlTemplate":"https:\/\/taigamistral.com\/?s={search_term_string}"},"query-input":"required name=search_term_string"}],"inLanguage":"en-US"},{"@type":"ImageObject","inLanguage":"en-US","@id":"https:\/\/taigamistral.com\/power-today\/#primaryimage","url":"https:\/\/taigamistral.com\/wp-content\/uploads\/2024\/01\/junio-24-1.gif","contentUrl":"https:\/\/taigamistral.com\/wp-content\/uploads\/2024\/01\/junio-24-1.gif","width":400,"height":400},{"@type":"WebPage","@id":"https:\/\/taigamistral.com\/power-today\/#webpage","url":"https:\/\/taigamistral.com\/power-today\/","name":"\u00a1Suscr\u00edbete aqu\u00ed! - Taiga Mistral","isPartOf":{"@id":"https:\/\/taigamistral.com\/#website"},"primaryImageOfPage":{"@id":"https:\/\/taigamistral.com\/power-today\/#primaryimage"},"datePublished":"2024-01-05T12:27:35+00:00","dateModified":"2024-03-18T15:52:42+00:00","breadcrumb":{"@id":"https:\/\/taigamistral.com\/power-today\/#breadcrumb"},"inLanguage":"en-US","potentialAction":[{"@type":"ReadAction","target":["https:\/\/taigamistral.com\/power-today\/"]}]},{"@type":"BreadcrumbList","@id":"https:\/\/taigamistral.com\/power-today\/#breadcrumb","itemListElement":[{"@type":"ListItem","position":1,"name":"Portada","item":"https:\/\/taigamistral.com\/en\/"},{"@type":"ListItem","position":2,"name":"\u00a1Suscr\u00edbete aqu\u00ed!"}]}]}},"_links":{"self":[{"href":"https:\/\/taigamistral.com\/en\/wp-json\/wp\/v2\/pages\/5191"}],"collection":[{"href":"https:\/\/taigamistral.com\/en\/wp-json\/wp\/v2\/pages"}],"about":[{"href":"https:\/\/taigamistral.com\/en\/wp-json\/wp\/v2\/types\/page"}],"author":[{"embeddable":true,"href":"https:\/\/taigamistral.com\/en\/wp-json\/wp\/v2\/users\/141"}],"replies":[{"embeddable":true,"href":"https:\/\/taigamistral.com\/en\/wp-json\/wp\/v2\/comments?post=5191"}],"version-history":[{"count":25,"href":"https:\/\/taigamistral.com\/en\/wp-json\/wp\/v2\/pages\/5191\/revisions"}],"predecessor-version":[{"id":5345,"href":"https:\/\/taigamistral.com\/en\/wp-json\/wp\/v2\/pages\/5191\/revisions\/5345"}],"wp:featuredmedia":[{"embeddable":true,"href":"https:\/\/taigamistral.com\/en\/wp-json\/wp\/v2\/media\/5249"}],"wp:attachment":[{"href":"https:\/\/taigamistral.com\/en\/wp-json\/wp\/v2\/media?parent=5191"}],"curies":[{"name":"wp","href":"https:\/\/api.w.org\/{rel}","templated":true}]}}