{"id":4617,"date":"2021-12-16T23:21:30","date_gmt":"2021-12-16T23:21:30","guid":{"rendered":"https:\/\/taigamistral.com\/esg\/"},"modified":"2022-02-16T11:55:27","modified_gmt":"2022-02-16T11:55:27","slug":"esg","status":"publish","type":"page","link":"https:\/\/taigamistral.com\/en\/esg\/","title":{"rendered":"ESG EN"},"content":{"rendered":"<section class=\"l-section wpb_row us_custom_ba427bde height_auto with_img\"><div class=\"l-section-img\" style=\"background-image: url(https:\/\/taigamistral.com\/wp-content\/uploads\/2021\/12\/Imagen_portada_ESG-crop2.jpg);background-position: bottom center;background-repeat: no-repeat;\" data-img-width=\"1920\" data-img-height=\"600\"><\/div><div class=\"l-section-h i-cf\"><div class=\"g-cols vc_row via_grid cols_1 laptops-cols_inherit tablets-cols_inherit mobiles-cols_1 valign_middle type_default stacking_default\" style=\"grid-gap:2rem;\"><div class=\"wpb_column vc_column_container\"><div class=\"vc_column-inner\"><div class=\"wpb_text_column us_custom_3610f28c has_text_color\"><div class=\"wpb_wrapper\"><h1><span style=\"font-size: 24pt;\">Investing in<\/span><br \/>\nThe Good of Society<\/h1>\n<\/div><\/div><\/div><\/div><\/div><\/div><\/section><section class=\"l-section wpb_row us_custom_de6b8a0d height_auto\"><div class=\"l-section-h i-cf\"><div class=\"g-cols vc_row via_grid cols_2-3 laptops-cols_inherit tablets-cols_inherit mobiles-cols_1 valign_middle type_default stacking_default\" style=\"grid-gap:4rem;\"><div class=\"wpb_column vc_column_container\"><div class=\"vc_column-inner\"><div class=\"g-cols wpb_row us_custom_4f24afa8 via_grid cols_1 laptops-cols_inherit tablets-cols_inherit mobiles-cols_1 valign_bottom type_default stacking_default\"><div class=\"wpb_column vc_column_container\"><div class=\"vc_column-inner\"><div class=\"w-hwrapper us_custom_abc12e86 align_none valign_bottom\" style=\"--hwrapper-gap:0\"><div class=\"w-image us_custom_80fbe524 align_none\"><div class=\"w-image-h\"><img width=\"1120\" height=\"560\" src=\"https:\/\/taigamistral.com\/wp-content\/uploads\/2021\/12\/arboles-3.png\" class=\"attachment-full size-full\" alt=\"\" loading=\"lazy\" srcset=\"https:\/\/taigamistral.com\/wp-content\/uploads\/2021\/12\/arboles-3.png 1120w, https:\/\/taigamistral.com\/wp-content\/uploads\/2021\/12\/arboles-3-300x150.png 300w, https:\/\/taigamistral.com\/wp-content\/uploads\/2021\/12\/arboles-3-1024x512.png 1024w\" sizes=\"(max-width: 1120px) 100vw, 1120px\" \/><\/div><\/div><div class=\"w-vwrapper us_custom_85dec3d1 align_none valign_bottom\"><div class=\"w-text us_custom_3aac0c3f has_text_color\"><span class=\"w-text-h\"><span class=\"w-text-value\">Reduction of CO2 emissions avoiding the felling of<\/span><\/span><\/div><div class=\"w-counter us_custom_980eaf4f has_text_color color_custom align_left has_font_size\" data-duration=\"2000\"><div class=\"w-counter-value\" style=\"color:var(--color-content-bg);\"><span class=\"w-counter-value-part type_text\" data-final=\"\"><\/span><span class=\"w-counter-value-part type_number\" data-final=\"1,445,730\">0<\/span><span class=\"w-counter-value-part type_text\" data-final=\"\"><\/span><\/div><\/div><div class=\"w-text us_custom_1cfda911 has_text_color\"><span class=\"w-text-h\"><span class=\"w-text-value\">trees<\/span><\/span><\/div><\/div><\/div><\/div><\/div><\/div><div class=\"g-cols wpb_row us_custom_cdf14ffd via_grid cols_1 laptops-cols_inherit tablets-cols_inherit mobiles-cols_1 valign_bottom type_default stacking_default\"><div class=\"wpb_column vc_column_container\"><div class=\"vc_column-inner\"><div class=\"w-hwrapper us_custom_ee287256 align_none valign_bottom\" style=\"--hwrapper-gap:0\"><div class=\"w-image us_custom_80fbe524 align_none\"><div class=\"w-image-h\"><img width=\"560\" height=\"280\" src=\"https:\/\/taigamistral.com\/wp-content\/uploads\/2021\/12\/green-certifiates.png\" class=\"attachment-full size-full\" alt=\"\" loading=\"lazy\" srcset=\"https:\/\/taigamistral.com\/wp-content\/uploads\/2021\/12\/green-certifiates.png 560w, https:\/\/taigamistral.com\/wp-content\/uploads\/2021\/12\/green-certifiates-300x150.png 300w\" sizes=\"(max-width: 560px) 100vw, 560px\" \/><\/div><\/div><div class=\"w-vwrapper us_custom_8c4921e7 align_none valign_bottom\"><div class=\"w-counter us_custom_33d36d5b has_text_color color_custom align_left has_font_size\" data-duration=\"2000\"><div class=\"w-counter-value\" style=\"color:var(--color-content-bg);\"><span class=\"w-counter-value-part type_text\" data-final=\"\"><\/span><span class=\"w-counter-value-part type_number\" data-final=\"780,000\">0<\/span><span class=\"w-counter-value-part type_text\" data-final=\"\"><\/span><\/div><\/div><div class=\"w-text us_custom_3aac0c3f has_text_color\"><span class=\"w-text-h\"><span class=\"w-text-value\">Green Certificates issued this year<\/span><\/span><\/div><\/div><\/div><\/div><\/div><\/div><\/div><\/div><div class=\"wpb_column vc_column_container us_custom_39320624\"><div class=\"vc_column-inner\"><div class=\"wpb_text_column us_custom_4e04a142 has_text_color\"><div class=\"wpb_wrapper\"><h2>We believe in an neutral carbon future, the energy transition and sustainability as investment principles, shaping tomorrow\u2019s energy for a cleaner and healthier world.<\/h2>\n<\/div><\/div><div class=\"w-separator size_small with_line width_default thick_1 style_solid color_primary align_center\"><div class=\"w-separator-h\"><\/div><\/div><div class=\"wpb_text_column us_custom_2ca4bb70 has_text_color\"><div class=\"wpb_wrapper\"><h2 style=\"text-align: right;\">We look for opportunities that create long-term sustainable value from a social responsible investment perspective.<\/h2>\n<\/div><\/div><\/div><\/div><\/div><\/div><\/section><section class=\"l-section wpb_row us_custom_4b6541a2 height_auto with_img\"><div class=\"l-section-img\" style=\"background-image: url(https:\/\/taigamistral.com\/wp-content\/uploads\/2021\/12\/nosotros.jpg);background-position: bottom center;background-repeat: no-repeat;\" data-img-width=\"1800\" data-img-height=\"629\"><\/div><div class=\"l-section-h i-cf\"><div class=\"g-cols vc_row via_grid cols_3 laptops-cols_inherit tablets-cols_inherit mobiles-cols_1 valign_middle type_default stacking_default\" style=\"grid-gap:4rem;\"><div class=\"wpb_column vc_column_container\"><div class=\"vc_column-inner\"><\/div><\/div><div class=\"wpb_column vc_column_container\"><div class=\"vc_column-inner\"><\/div><\/div><div class=\"wpb_column vc_column_container\"><div class=\"vc_column-inner\"><\/div><\/div><\/div><\/div><\/section><section class=\"l-section wpb_row us_custom_e95620af height_auto width_full\"><div class=\"l-section-h i-cf\"><div class=\"g-cols vc_row via_grid cols_2-3 laptops-cols_inherit tablets-cols_inherit mobiles-cols_1 valign_top type_default stacking_default\" style=\"grid-gap:0;\"><div class=\"wpb_column vc_column_container us_custom_c2a0fa33 has_bg_color\"><div class=\"vc_column-inner\"><div class=\"g-cols wpb_row via_grid cols_1 laptops-cols_inherit tablets-cols_inherit mobiles-cols_1 valign_middle type_default stacking_default\" style=\"grid-gap:0;\"><div class=\"wpb_column vc_column_container us_custom_7a60f3bd\"><div class=\"vc_column-inner\"><div class=\"wpb_text_column us_custom_6745946f has_text_color\"><div class=\"wpb_wrapper\"><h2>We apply international environmental, social and governance (ESG) standards to all our investments and projects.<\/h2>\n<\/div><\/div><\/div><\/div><\/div><\/div><\/div><div class=\"wpb_column vc_column_container us_custom_7d799837\"><div class=\"vc_column-inner\"><div class=\"g-cols wpb_row us_custom_0478fec7 via_grid cols_1 laptops-cols_inherit tablets-cols_inherit mobiles-cols_1 valign_middle type_default stacking_default\" style=\"grid-gap:0;\"><div class=\"wpb_column vc_column_container\"><div class=\"vc_column-inner\"><div class=\"wpb_text_column us_custom_4e04a142 has_text_color\"><div class=\"wpb_wrapper\"><h2>ESG initiatives<\/h2>\n<\/div><\/div><div class=\"w-separator size_small with_line width_default thick_1 style_solid color_primary align_center\"><div class=\"w-separator-h\"><\/div><\/div><div class=\"wpb_text_column us_custom_9d1e26d6 description_block_info\"><div class=\"wpb_wrapper\"><p>Taiga Mistral is committed to impactful, socially and environmentally responsible investments. We contribute positively to nine of the seventeen SDGs established by the UN.<\/p>\n<p>We work under the strictest standards of ethics and honesty in compliance with an internal code of conduct.<\/p>\n<p>Every year, Taiga Mistral&#8217;s investments avoid more than 30,000 tonnes of CO2. Among other initiatives, last year Taiga Mistral has contributed to finance solidarity and social projects with the following foundations: Fundaci\u00f3n Agua de Coco, Fundaci\u00f3n Universidad de Navarra, Fundaci\u00f3n del Valle, Fundaci\u00f3n C\u00e1rdenas Rosales and Fundaci\u00f3n Educativa F3.<\/p>\n<\/div><\/div><\/div><\/div><\/div><\/div><\/div><\/div><\/div><\/section>\n","protected":false},"excerpt":{"rendered":"Investing in The Good of Society Reduction of CO2 emissions avoiding the felling of0trees0Green Certificates issued this yearWe believe in an neutral carbon future, the energy transition and sustainability as investment principles, shaping tomorrow\u2019s energy for a cleaner and healthier world. We look for opportunities that create long-term sustainable value from a social responsible investment...","protected":false},"author":94,"featured_media":0,"parent":0,"menu_order":0,"comment_status":"closed","ping_status":"closed","template":"","meta":{"inline_featured_image":false},"acf":[],"yoast_head":"<!-- This site is optimized with the Yoast SEO plugin v18.9 - https:\/\/yoast.com\/wordpress\/plugins\/seo\/ -->\n<title>ESG EN - Taiga Mistral<\/title>\n<meta name=\"robots\" content=\"index, follow, max-snippet:-1, max-image-preview:large, max-video-preview:-1\" \/>\n<link rel=\"canonical\" href=\"https:\/\/taigamistral.com\/en\/esg\/\" \/>\n<meta property=\"og:locale\" content=\"en_US\" \/>\n<meta property=\"og:type\" content=\"article\" \/>\n<meta property=\"og:title\" content=\"ESG EN - Taiga Mistral\" \/>\n<meta property=\"og:url\" content=\"https:\/\/taigamistral.com\/en\/esg\/\" \/>\n<meta property=\"og:site_name\" content=\"Taiga Mistral\" \/>\n<meta property=\"article:modified_time\" content=\"2022-02-16T11:55:27+00:00\" \/>\n<meta name=\"twitter:card\" content=\"summary\" \/>\n<meta name=\"twitter:label1\" content=\"Est. reading time\" \/>\n\t<meta name=\"twitter:data1\" content=\"2 minutes\" \/>\n<script type=\"application\/ld+json\" class=\"yoast-schema-graph\">{\"@context\":\"https:\/\/schema.org\",\"@graph\":[{\"@type\":\"WebSite\",\"@id\":\"https:\/\/taigamistral.com\/#website\",\"url\":\"https:\/\/taigamistral.com\/\",\"name\":\"Taiga Mistral\",\"description\":\"\",\"potentialAction\":[{\"@type\":\"SearchAction\",\"target\":{\"@type\":\"EntryPoint\",\"urlTemplate\":\"https:\/\/taigamistral.com\/?s={search_term_string}\"},\"query-input\":\"required name=search_term_string\"}],\"inLanguage\":\"en-US\"},{\"@type\":\"WebPage\",\"@id\":\"https:\/\/taigamistral.com\/en\/esg\/#webpage\",\"url\":\"https:\/\/taigamistral.com\/en\/esg\/\",\"name\":\"ESG EN - Taiga Mistral\",\"isPartOf\":{\"@id\":\"https:\/\/taigamistral.com\/#website\"},\"datePublished\":\"2021-12-16T23:21:30+00:00\",\"dateModified\":\"2022-02-16T11:55:27+00:00\",\"breadcrumb\":{\"@id\":\"https:\/\/taigamistral.com\/en\/esg\/#breadcrumb\"},\"inLanguage\":\"en-US\",\"potentialAction\":[{\"@type\":\"ReadAction\",\"target\":[\"https:\/\/taigamistral.com\/en\/esg\/\"]}]},{\"@type\":\"BreadcrumbList\",\"@id\":\"https:\/\/taigamistral.com\/en\/esg\/#breadcrumb\",\"itemListElement\":[{\"@type\":\"ListItem\",\"position\":1,\"name\":\"Portada\",\"item\":\"https:\/\/taigamistral.com\/en\/\"},{\"@type\":\"ListItem\",\"position\":2,\"name\":\"ESG EN\"}]}]}<\/script>\n<!-- \/ Yoast SEO plugin. -->","yoast_head_json":{"title":"ESG EN - Taiga Mistral","robots":{"index":"index","follow":"follow","max-snippet":"max-snippet:-1","max-image-preview":"max-image-preview:large","max-video-preview":"max-video-preview:-1"},"canonical":"https:\/\/taigamistral.com\/en\/esg\/","og_locale":"en_US","og_type":"article","og_title":"ESG EN - Taiga Mistral","og_url":"https:\/\/taigamistral.com\/en\/esg\/","og_site_name":"Taiga Mistral","article_modified_time":"2022-02-16T11:55:27+00:00","twitter_card":"summary","twitter_misc":{"Est. reading time":"2 minutes"},"schema":{"@context":"https:\/\/schema.org","@graph":[{"@type":"WebSite","@id":"https:\/\/taigamistral.com\/#website","url":"https:\/\/taigamistral.com\/","name":"Taiga Mistral","description":"","potentialAction":[{"@type":"SearchAction","target":{"@type":"EntryPoint","urlTemplate":"https:\/\/taigamistral.com\/?s={search_term_string}"},"query-input":"required name=search_term_string"}],"inLanguage":"en-US"},{"@type":"WebPage","@id":"https:\/\/taigamistral.com\/en\/esg\/#webpage","url":"https:\/\/taigamistral.com\/en\/esg\/","name":"ESG EN - Taiga Mistral","isPartOf":{"@id":"https:\/\/taigamistral.com\/#website"},"datePublished":"2021-12-16T23:21:30+00:00","dateModified":"2022-02-16T11:55:27+00:00","breadcrumb":{"@id":"https:\/\/taigamistral.com\/en\/esg\/#breadcrumb"},"inLanguage":"en-US","potentialAction":[{"@type":"ReadAction","target":["https:\/\/taigamistral.com\/en\/esg\/"]}]},{"@type":"BreadcrumbList","@id":"https:\/\/taigamistral.com\/en\/esg\/#breadcrumb","itemListElement":[{"@type":"ListItem","position":1,"name":"Portada","item":"https:\/\/taigamistral.com\/en\/"},{"@type":"ListItem","position":2,"name":"ESG EN"}]}]}},"_links":{"self":[{"href":"https:\/\/taigamistral.com\/en\/wp-json\/wp\/v2\/pages\/4617"}],"collection":[{"href":"https:\/\/taigamistral.com\/en\/wp-json\/wp\/v2\/pages"}],"about":[{"href":"https:\/\/taigamistral.com\/en\/wp-json\/wp\/v2\/types\/page"}],"author":[{"embeddable":true,"href":"https:\/\/taigamistral.com\/en\/wp-json\/wp\/v2\/users\/94"}],"replies":[{"embeddable":true,"href":"https:\/\/taigamistral.com\/en\/wp-json\/wp\/v2\/comments?post=4617"}],"version-history":[{"count":6,"href":"https:\/\/taigamistral.com\/en\/wp-json\/wp\/v2\/pages\/4617\/revisions"}],"predecessor-version":[{"id":4805,"href":"https:\/\/taigamistral.com\/en\/wp-json\/wp\/v2\/pages\/4617\/revisions\/4805"}],"wp:attachment":[{"href":"https:\/\/taigamistral.com\/en\/wp-json\/wp\/v2\/media?parent=4617"}],"curies":[{"name":"wp","href":"https:\/\/api.w.org\/{rel}","templated":true}]}}